{"id":2555,"date":"2021-07-16T08:37:00","date_gmt":"2021-07-16T08:37:00","guid":{"rendered":"https:\/\/psychotherapiehaus.ch\/?page_id=2555"},"modified":"2021-10-05T21:08:37","modified_gmt":"2021-10-05T21:08:37","slug":"zwangstorungen","status":"publish","type":"page","link":"https:\/\/psychotherapiehaus.ch\/tr\/zwangstorungen\/","title":{"rendered":"Obsesif Kompulsif Bozukluk"},"content":{"rendered":"<div class=\"wp-block-themeisle-blocks-advanced-columns has-1-columns has-desktop-equal-layout has-tablet-equal-layout has-mobile-equal-layout has-default-gap has-vertical-unset\" id=\"wp-block-themeisle-blocks-advanced-columns-ee27e0ac\"><div class=\"wp-block-themeisle-blocks-advanced-columns-overlay\"><\/div><div class=\"innerblocks-wrap\">\n<div class=\"wp-block-themeisle-blocks-advanced-column\" id=\"wp-block-themeisle-blocks-advanced-column-5701c913\">\n<figure class=\"wp-block-image size-large is-style-default\"><img loading=\"lazy\" width=\"1024\" height=\"341\" src=\"https:\/\/psychotherapiehaus.ch\/wp-content\/uploads\/2021\/07\/blastungsstorung-1024x341.jpg\" alt=\"\" class=\"wp-image-2016\" srcset=\"https:\/\/psychotherapiehaus.ch\/wp-content\/uploads\/2021\/07\/blastungsstorung-1024x341.jpg 1024w, https:\/\/psychotherapiehaus.ch\/wp-content\/uploads\/2021\/07\/blastungsstorung-300x100.jpg 300w, https:\/\/psychotherapiehaus.ch\/wp-content\/uploads\/2021\/07\/blastungsstorung-768x256.jpg 768w, https:\/\/psychotherapiehaus.ch\/wp-content\/uploads\/2021\/07\/blastungsstorung-1536x512.jpg 1536w, https:\/\/psychotherapiehaus.ch\/wp-content\/uploads\/2021\/07\/blastungsstorung.jpg 1920w\" sizes=\"(max-width: 1024px) 100vw, 1024px\" \/><\/figure>\n<\/div>\n<\/div><\/div>\n\n\n\n<ul><li>Die Zwangserkrankung ist eine psychische St\u00f6rung, deren wesentliche Kennzeichen wiederkehrende unerw\u00fcnschte Gedanken (Obsessionen) und zwanghafte Handlungen sind. <\/li><li>Zu dieser Krankheit geh\u00f6ren in der Regel  wiederkehrende, unerw\u00fcnschte und unkontrollierbare Gedanken, Vorstellungen, Impulse und Zwangshandlungen.<\/li><li>Sie l\u00f6sen unangenehme Gef\u00fchle wie \u00c4ngste, Unbehagen oder Ekel aus.  <\/li><\/ul>","protected":false},"excerpt":{"rendered":"<p>Die Zwangserkrankung ist eine psychische St\u00f6rung, deren wesentliche Kennzeichen wiederkehrende unerw\u00fcnschte Gedanken (Obsessionen) und zwanghafte Handlungen sind. Zu dieser Krankheit geh\u00f6ren in der Regel wiederkehrende, unerw\u00fcnschte und unkontrollierbare Gedanken, Vorstellungen, Impulse und Zwangshandlungen. Sie l\u00f6sen unangenehme Gef\u00fchle wie \u00c4ngste, Unbehagen oder Ekel aus.<\/p>","protected":false},"author":1,"featured_media":0,"parent":0,"menu_order":0,"comment_status":"closed","ping_status":"closed","template":"","meta":[],"_links":{"self":[{"href":"https:\/\/psychotherapiehaus.ch\/tr\/wp-json\/wp\/v2\/pages\/2555"}],"collection":[{"href":"https:\/\/psychotherapiehaus.ch\/tr\/wp-json\/wp\/v2\/pages"}],"about":[{"href":"https:\/\/psychotherapiehaus.ch\/tr\/wp-json\/wp\/v2\/types\/page"}],"author":[{"embeddable":true,"href":"https:\/\/psychotherapiehaus.ch\/tr\/wp-json\/wp\/v2\/users\/1"}],"replies":[{"embeddable":true,"href":"https:\/\/psychotherapiehaus.ch\/tr\/wp-json\/wp\/v2\/comments?post=2555"}],"version-history":[{"count":7,"href":"https:\/\/psychotherapiehaus.ch\/tr\/wp-json\/wp\/v2\/pages\/2555\/revisions"}],"predecessor-version":[{"id":3325,"href":"https:\/\/psychotherapiehaus.ch\/tr\/wp-json\/wp\/v2\/pages\/2555\/revisions\/3325"}],"wp:attachment":[{"href":"https:\/\/psychotherapiehaus.ch\/tr\/wp-json\/wp\/v2\/media?parent=2555"}],"curies":[{"name":"wp","href":"https:\/\/api.w.org\/{rel}","templated":true}]}}