{"id":418,"date":"2021-05-17T13:10:17","date_gmt":"2021-05-17T13:10:17","guid":{"rendered":"https:\/\/psychotherapiehaus.ch\/?page_id=418-old"},"modified":"2021-10-06T15:03:28","modified_gmt":"2021-10-06T15:03:28","slug":"before-import","status":"publish","type":"page","link":"https:\/\/psychotherapiehaus.ch\/tr\/before-import\/","title":{"rendered":"E\u011fitim Dan\u0131\u015fmanl\u0131\u011f\u0131"},"content":{"rendered":"<div data-colibri-id=\"418-c1\" class=\"style-1104 style-local-418-c1 position-relative\">\n  <!---->\n  <div data-colibri-component=\"section\" data-colibri-id=\"418-c2\" id=\"initial-content\" class=\"h-section h-section-global-spacing d-flex align-items-lg-center align-items-md-center align-items-center style-1105 style-local-418-c2 position-relative\">\n    <!---->\n    <!---->\n    <div class=\"h-section-grid-container h-section-boxed-container\">\n      <!---->\n      <div data-colibri-id=\"418-c3\" class=\"h-row-container gutters-row-lg-2 gutters-row-md-2 gutters-row-0 gutters-row-v-lg-2 gutters-row-v-md-2 gutters-row-v-2 style-1106 style-local-418-c3 position-relative\">\n        <!---->\n        <div class=\"h-row justify-content-lg-center justify-content-md-center justify-content-center align-items-lg-stretch align-items-md-stretch align-items-stretch gutters-col-lg-2 gutters-col-md-2 gutters-col-0 gutters-col-v-lg-2 gutters-col-v-md-2 gutters-col-v-2\">\n          <!---->\n          <div class=\"h-column h-column-container d-flex h-col-lg-auto h-col-md-auto h-col-auto style-1107-outer style-local-418-c4-outer\">\n            <div data-colibri-id=\"418-c4\" class=\"d-flex h-flex-basis h-column__inner h-px-lg-2 h-px-md-2 h-px-2 v-inner-lg-2 v-inner-md-2 v-inner-2 style-1107 style-local-418-c4 position-relative\">\n              <!---->\n              <!---->\n              <div class=\"w-100 h-y-container h-column__content h-column__v-align flex-basis-100 align-self-lg-start align-self-md-start align-self-start\">\n                <!---->\n                <div data-colibri-id=\"418-c6\" class=\"d-block style-1109 style-local-418-c6 position-relative h-element\">\n                  <!---->\n                  <div class=\"h-image__frame-container-outer\">\n                    <div class=\"h-image__frame-container\">\n                      <!---->\n                      <!---->\n                      <img loading=\"lazy\" width=\"1920\" height=\"1079\" src=\"https:\/\/psychotherapiehaus.ch\/wp-content\/uploads\/2021\/07\/Foto-Mutter-kind-.jpg\" class=\"wp-image-2749 style-1109-image style-local-418-c6-image\" srcset=\"https:\/\/psychotherapiehaus.ch\/wp-content\/uploads\/2021\/07\/Foto-Mutter-kind-.jpg 1920w, https:\/\/psychotherapiehaus.ch\/wp-content\/uploads\/2021\/07\/Foto-Mutter-kind--300x169.jpg 300w, https:\/\/psychotherapiehaus.ch\/wp-content\/uploads\/2021\/07\/Foto-Mutter-kind--1024x575.jpg 1024w, https:\/\/psychotherapiehaus.ch\/wp-content\/uploads\/2021\/07\/Foto-Mutter-kind--768x432.jpg 768w, https:\/\/psychotherapiehaus.ch\/wp-content\/uploads\/2021\/07\/Foto-Mutter-kind--1536x863.jpg 1536w\" sizes=\"(max-width: 1920px) 100vw, 1920px\" alt=\"\" \/>\n                      <div class=\"h-image__frame h-hide-lg h-hide-md h-hide-sm style-1109-frameImage style-local-418-c6-frameImage\"><\/div>\n                    <\/div>\n                  <\/div>\n                <\/div>\n                <div data-colibri-id=\"418-c5\" class=\"style-1108 style-local-418-c5 position-relative h-element\">\n                  <!---->\n                  <div>\n                    <ul>\n                      <li style=\"color: #279635; font-family: 'Montserrat Alternates';\"><span style=\"color: #46707f; font-family: 'Montserrat Alternates';\">&nbsp;Erziehungsstill<\/span><\/li>\n                      <li style=\"color: #279635; font-family: 'Montserrat Alternates';\"><span style=\"color: #46707f; font-family: 'Montserrat Alternates';\">&nbsp;Wie kann ich mein Kind besser verstehen und f\u00f6rdern?<\/span><\/li>\n                      <li style=\"color: #279635; font-family: 'Montserrat Alternates';\"><span style=\"color: #46707f; font-family: 'Montserrat Alternates';\">&nbsp;Grenzen setzen, Autonomie f\u00f6rdern<\/span><\/li>\n                      <li style=\"color: #279635; font-family: 'Montserrat Alternates';\"><span style=\"color: #46707f; font-family: 'Montserrat Alternates';\">&nbsp;Gewaltfreie Kommunikation und Erziehung<\/span><\/li>\n                    <\/ul>\n                  <\/div>\n                <\/div>\n              <\/div>\n            <\/div>\n          <\/div>\n        <\/div>\n      <\/div>\n    <\/div>\n  <\/div>\n<\/div>","protected":false},"excerpt":{"rendered":"<p>&nbsp;Erziehungsstill &nbsp;Wie kann ich mein Kind besser verstehen und f\u00f6rdern? &nbsp;Grenzen setzen, Autonomie f\u00f6rdern &nbsp;Gewaltfreie Kommunikation und Erziehung<\/p>","protected":false},"author":1,"featured_media":0,"parent":0,"menu_order":0,"comment_status":"closed","ping_status":"closed","template":"page-templates\/full-width-page.php","meta":[],"_links":{"self":[{"href":"https:\/\/psychotherapiehaus.ch\/tr\/wp-json\/wp\/v2\/pages\/418"}],"collection":[{"href":"https:\/\/psychotherapiehaus.ch\/tr\/wp-json\/wp\/v2\/pages"}],"about":[{"href":"https:\/\/psychotherapiehaus.ch\/tr\/wp-json\/wp\/v2\/types\/page"}],"author":[{"embeddable":true,"href":"https:\/\/psychotherapiehaus.ch\/tr\/wp-json\/wp\/v2\/users\/1"}],"replies":[{"embeddable":true,"href":"https:\/\/psychotherapiehaus.ch\/tr\/wp-json\/wp\/v2\/comments?post=418"}],"version-history":[{"count":16,"href":"https:\/\/psychotherapiehaus.ch\/tr\/wp-json\/wp\/v2\/pages\/418\/revisions"}],"predecessor-version":[{"id":3376,"href":"https:\/\/psychotherapiehaus.ch\/tr\/wp-json\/wp\/v2\/pages\/418\/revisions\/3376"}],"wp:attachment":[{"href":"https:\/\/psychotherapiehaus.ch\/tr\/wp-json\/wp\/v2\/media?parent=418"}],"curies":[{"name":"wp","href":"https:\/\/api.w.org\/{rel}","templated":true}]}}