{"id":562,"date":"2021-05-12T17:42:13","date_gmt":"2021-05-12T17:42:13","guid":{"rendered":"https:\/\/psychotherapiehaus.ch\/?page_id=562-old"},"modified":"2021-07-09T21:26:31","modified_gmt":"2021-07-09T21:26:31","slug":"traumatherapie-before-import","status":"publish","type":"page","link":"https:\/\/psychotherapiehaus.ch\/tr\/traumatherapie-before-import\/","title":{"rendered":"Travma Terapisi"},"content":{"rendered":"<figure class=\"wp-block-image size-large is-resized\"><img loading=\"lazy\" src=\"https:\/\/psychotherapiehaus.ch\/wp-content\/uploads\/2021\/07\/travma-tedavisi-1-1024x341.jpg\" alt=\"\" class=\"wp-image-1766\" width=\"1217\" height=\"405\" srcset=\"https:\/\/psychotherapiehaus.ch\/wp-content\/uploads\/2021\/07\/travma-tedavisi-1-1024x341.jpg 1024w, https:\/\/psychotherapiehaus.ch\/wp-content\/uploads\/2021\/07\/travma-tedavisi-1-300x100.jpg 300w, https:\/\/psychotherapiehaus.ch\/wp-content\/uploads\/2021\/07\/travma-tedavisi-1-768x256.jpg 768w, https:\/\/psychotherapiehaus.ch\/wp-content\/uploads\/2021\/07\/travma-tedavisi-1-1536x512.jpg 1536w, https:\/\/psychotherapiehaus.ch\/wp-content\/uploads\/2021\/07\/travma-tedavisi-1.jpg 1920w\" sizes=\"(max-width: 1217px) 100vw, 1217px\" \/><\/figure>\n\n\n<ul>\n<p class=\"p44 f259\"><span style=\"color: #289736;font-family: 'Montserrat Alternates';\"><strong>IRRT (Imagery Rescripting &amp; Reprocessing Therapy)<\/strong><\/span><\/p>\n<li class=\"p44 f255\" style=\"font-family: 'Montserrat Alternates';\">IRRT (Imagery Rescripting &amp; Reprocessing Therapy) wurde in ihren Grundz\u00fcgen Anfang der 1990er Jahre als eine auf Imagination basierende Therapiemethode zur Behandlung von Traumafolge-st\u00f6rungen (Typ-I und Typ-II Traumatisierungen, komplexe PTBS), urspr\u00fcnglich zur Behandlung von erwachsenen Opfern kindlichen sexuellen oder k\u00f6rperlichen Missbaruchs entwickelt. Ihr Urheber ist <span class=\"f260\" style=\"font-family: 'Montserrat Alternates'; color: #289736;><a target=\"_blank\" rel=\"noopener\">Prof. Dr. <\/span><span class=\"f260\" style=\"font-family: 'Montserrat Alternates';color: #289736;\"><a href=\"http:\/\/www.mervynschmucker.de\/\" target=\"_blank\" rel=\"noopener\" style=\"font-family: 'Montserrat Alternates';color: #289736;\">Mervyn<\/a><\/span><span class=\"f260\" > <a href=\"http:\/\/www.irrt-deutschland.de\/\" target=\"_blank\" rel=\"noopener\" style=\"font-family: 'Montserrat Alternates';color: #289736;\">Schmucker<\/a><\/span><\/li>\n<li style=\"font-family: 'Montserrat Alternates'; color:#289736;\">https:\/\/www.irrt.ch\/irrt-die-methode.html<\/li>\n<p>&nbsp;<\/p>\n<\/ul>","protected":false},"excerpt":{"rendered":"<p>IRRT (Imagery Rescripting &amp; Reprocessing Therapy) IRRT (Imagery Rescripting &amp; Reprocessing Therapy) wurde in ihren Grundz\u00fcgen Anfang der 1990er Jahre als eine auf Imagination basierende Therapiemethode zur Behandlung von Traumafolge-st\u00f6rungen (Typ-I und Typ-II Traumatisierungen, komplexe PTBS), urspr\u00fcnglich zur Behandlung von erwachsenen Opfern kindlichen sexuellen oder k\u00f6rperlichen Missbaruchs entwickelt. Ihr Urheber ist<\/p>","protected":false},"author":1,"featured_media":0,"parent":0,"menu_order":0,"comment_status":"closed","ping_status":"closed","template":"","meta":[],"_links":{"self":[{"href":"https:\/\/psychotherapiehaus.ch\/tr\/wp-json\/wp\/v2\/pages\/562"}],"collection":[{"href":"https:\/\/psychotherapiehaus.ch\/tr\/wp-json\/wp\/v2\/pages"}],"about":[{"href":"https:\/\/psychotherapiehaus.ch\/tr\/wp-json\/wp\/v2\/types\/page"}],"author":[{"embeddable":true,"href":"https:\/\/psychotherapiehaus.ch\/tr\/wp-json\/wp\/v2\/users\/1"}],"replies":[{"embeddable":true,"href":"https:\/\/psychotherapiehaus.ch\/tr\/wp-json\/wp\/v2\/comments?post=562"}],"version-history":[{"count":19,"href":"https:\/\/psychotherapiehaus.ch\/tr\/wp-json\/wp\/v2\/pages\/562\/revisions"}],"predecessor-version":[{"id":2051,"href":"https:\/\/psychotherapiehaus.ch\/tr\/wp-json\/wp\/v2\/pages\/562\/revisions\/2051"}],"wp:attachment":[{"href":"https:\/\/psychotherapiehaus.ch\/tr\/wp-json\/wp\/v2\/media?parent=562"}],"curies":[{"name":"wp","href":"https:\/\/api.w.org\/{rel}","templated":true}]}}