{"id":577,"date":"2021-05-12T17:44:05","date_gmt":"2021-05-12T17:44:05","guid":{"rendered":"https:\/\/psychotherapiehaus.ch\/?page_id=577-old"},"modified":"2021-10-04T14:30:09","modified_gmt":"2021-10-04T14:30:09","slug":"sexualtherapie-2-before-import","status":"publish","type":"page","link":"https:\/\/psychotherapiehaus.ch\/tr\/sexualtherapie-2-before-import\/","title":{"rendered":"Cinsel Terapi"},"content":{"rendered":"<div data-colibri-id=\"577-c1\" class=\"style-914 style-local-577-c1 position-relative\">\n  <!---->\n  <div data-colibri-component=\"section\" data-colibri-id=\"577-c2\" id=\"initial-content\" class=\"h-section h-section-global-spacing d-flex align-items-lg-center align-items-md-center align-items-center style-915 style-local-577-c2 position-relative\">\n    <!---->\n    <!---->\n    <div class=\"h-section-grid-container h-section-boxed-container\">\n      <!---->\n      <div data-colibri-id=\"577-c3\" class=\"h-row-container gutters-row-lg-2 gutters-row-md-2 gutters-row-0 gutters-row-v-lg-2 gutters-row-v-md-2 gutters-row-v-2 style-919 style-local-577-c3 position-relative\">\n        <!---->\n        <div class=\"h-row justify-content-lg-center justify-content-md-center justify-content-center align-items-lg-stretch align-items-md-stretch align-items-stretch gutters-col-lg-2 gutters-col-md-2 gutters-col-0 gutters-col-v-lg-2 gutters-col-v-md-2 gutters-col-v-2\">\n          <!---->\n          <div class=\"h-column h-column-container d-flex h-col-lg-auto h-col-md-auto h-col-auto style-920-outer style-local-577-c4-outer\">\n            <div data-colibri-id=\"577-c4\" class=\"d-flex h-flex-basis h-column__inner h-px-lg-2 h-px-md-2 h-px-2 v-inner-lg-2 v-inner-md-2 v-inner-2 style-920 style-local-577-c4 position-relative\">\n              <!---->\n              <!---->\n              <div class=\"w-100 h-y-container h-column__content h-column__v-align flex-basis-100 align-self-lg-start align-self-md-start align-self-start\">\n                <!---->\n                <div data-colibri-id=\"577-c5\" class=\"d-block style-922 style-local-577-c5 position-relative h-element\">\n                  <!---->\n                  <div class=\"h-image__frame-container-outer\">\n                    <div class=\"h-image__frame-container\">\n                      <!---->\n                      <!---->\n                      <img loading=\"lazy\" width=\"2560\" height=\"1762\" src=\"https:\/\/psychotherapiehaus.ch\/wp-content\/uploads\/2021\/09\/condom-1822413-scaled.jpg\" class=\"wp-image-3212 style-922-image style-local-577-c5-image\" srcset=\"https:\/\/psychotherapiehaus.ch\/wp-content\/uploads\/2021\/09\/condom-1822413-scaled.jpg 2560w, https:\/\/psychotherapiehaus.ch\/wp-content\/uploads\/2021\/09\/condom-1822413-300x207.jpg 300w, https:\/\/psychotherapiehaus.ch\/wp-content\/uploads\/2021\/09\/condom-1822413-1024x705.jpg 1024w, https:\/\/psychotherapiehaus.ch\/wp-content\/uploads\/2021\/09\/condom-1822413-768x529.jpg 768w, https:\/\/psychotherapiehaus.ch\/wp-content\/uploads\/2021\/09\/condom-1822413-1536x1057.jpg 1536w, https:\/\/psychotherapiehaus.ch\/wp-content\/uploads\/2021\/09\/condom-1822413-2048x1410.jpg 2048w, https:\/\/psychotherapiehaus.ch\/wp-content\/uploads\/2021\/09\/condom-1822413-18x12.jpg 18w\" sizes=\"(max-width: 2560px) 100vw, 2560px\" alt=\"\" \/>\n                      <div class=\"h-image__frame h-hide-lg h-hide-md h-hide-sm style-922-frameImage style-local-577-c5-frameImage\"><\/div>\n                    <\/div>\n                  <\/div>\n                <\/div>\n              <\/div>\n            <\/div>\n          <\/div>\n        <\/div>\n      <\/div>\n      <div data-colibri-id=\"577-c6\" class=\"h-row-container gutters-row-lg-2 gutters-row-md-2 gutters-row-0 gutters-row-v-lg-2 gutters-row-v-md-2 gutters-row-v-2 style-916 style-local-577-c6 position-relative\">\n        <!---->\n        <div class=\"h-row justify-content-lg-center justify-content-md-center justify-content-center align-items-lg-stretch align-items-md-stretch align-items-stretch gutters-col-lg-2 gutters-col-md-2 gutters-col-0 gutters-col-v-lg-2 gutters-col-v-md-2 gutters-col-v-2\">\n          <!---->\n          <div class=\"h-column h-column-container d-flex h-col-lg-auto h-col-md-auto h-col-auto style-917-outer style-local-577-c7-outer\">\n            <div data-colibri-id=\"577-c7\" class=\"d-flex h-flex-basis h-column__inner h-px-lg-2 h-px-md-2 h-px-2 v-inner-lg-2 v-inner-md-2 v-inner-2 style-917 style-local-577-c7 position-relative\">\n              <!---->\n              <!---->\n              <div class=\"w-100 h-y-container h-column__content h-column__v-align flex-basis-100 align-self-lg-start align-self-md-start align-self-start\">\n                <!---->\n                <div data-colibri-id=\"577-c8\" class=\"style-918 style-local-577-c8 position-relative h-element\">\n                  <!---->\n                  <div>\n                    <h3><strong><span style=\"color: #0000ff;\">Sexualtherapie &amp; Sexualberatung<\/span><\/strong><\/h3>\n                    <ul>\n                      <li>St\u00f6rungen des sexuellen Verlangens (Appetenzst\u00f6rungen, Libidoverlust)<\/li>\n                      <li>Erektionsst\u00f6rungen ( bei M\u00e4nnern)<\/li>\n                      <li>Verminderte sexuelle Lust<\/li>\n                      <li>Vorzeitiger Samenerguss ( bei M\u00e4nnern )<\/li>\n                      <li>Orgasmusprobleme<\/li>\n                      <li>Kommunikation \u00fcber Sexualit\u00e4t mit dem Partner\/der Partnerin<\/li>\n                      <li>Langweilige und &nbsp;monotone Sexualit\u00e4t<\/li>\n                      <li>Unsicherheiten der Eltern im Gespr\u00e4ch mit ihren Kindern \u00fcber Sexualit\u00e4t<\/li>\n                      <li>Verschiedene Beziehungsformen<\/li>\n                    <\/ul>\n                    &nbsp;\n                    <h3 class=\"title\"><strong><span style=\"color: #0000ff;\">Psychische Gr\u00fcnde f\u00fcr sexuelle Funktionsst\u00f6rungen<\/span><\/strong><\/h3>\n                    <ul>\n                      <li>Leidensdruck: Beeintr\u00e4chtigung des Sexuallebens\/der Paarbeziehung<\/li>\n                      <li>Partnerbeziehung: Konflikte, N\u00e4he, gegenseitige Anerkennung<\/li>\n                      <li>Einschneidende Lebensereignisse<\/li>\n                      <li>Streit und Konflikt in der Partnerschaft<\/li>\n                      <li>Angst vor Sexualit\u00e4t oder Intimit\u00e4t<\/li>\n                      <li>Versagenangst<\/li>\n                      <li>Depresyon<\/li>\n                      <li>Unstimmigkeiten mit dem Partner oder Langeweile in der Beziehung<\/li>\n                      <li>Schuldgef\u00fchle<\/li>\n                      <li>Schamgef\u00fchl<\/li>\n                      <li>Vorherige sexuell traumatisierende Erfahrungen (z.&nbsp;B. Vergewaltigung, Inzest, sexueller Missbrauch, fr\u00fchere sexuelle Funktionsst\u00f6rungen<\/li>\n                    <\/ul>\n                    <div class=\"tableWrapper\"><\/div>\n                  <\/div>\n                <\/div>\n              <\/div>\n            <\/div>\n          <\/div>\n        <\/div>\n      <\/div>\n    <\/div>\n  <\/div>\n<\/div>","protected":false},"excerpt":{"rendered":"<p>Sexualtherapie &amp; Sexualberatung St\u00f6rungen des sexuellen Verlangens (Appetenzst\u00f6rungen, Libidoverlust) Erektionsst\u00f6rungen ( bei M\u00e4nnern) Verminderte sexuelle Lust Vorzeitiger Samenerguss ( bei M\u00e4nnern ) Orgasmusprobleme Kommunikation \u00fcber Sexualit\u00e4t mit dem Partner\/der Partnerin Langweilige und &nbsp;monotone Sexualit\u00e4t Unsicherheiten der Eltern im Gespr\u00e4ch mit ihren Kindern \u00fcber Sexualit\u00e4t Verschiedene Beziehungsformen &nbsp; Psychische Gr\u00fcnde f\u00fcr sexuelle Funktionsst\u00f6rungen Leidensdruck: Beeintr\u00e4chtigung des [&hellip;]<\/p>","protected":false},"author":1,"featured_media":0,"parent":0,"menu_order":0,"comment_status":"closed","ping_status":"closed","template":"page-templates\/full-width-page.php","meta":[],"_links":{"self":[{"href":"https:\/\/psychotherapiehaus.ch\/tr\/wp-json\/wp\/v2\/pages\/577"}],"collection":[{"href":"https:\/\/psychotherapiehaus.ch\/tr\/wp-json\/wp\/v2\/pages"}],"about":[{"href":"https:\/\/psychotherapiehaus.ch\/tr\/wp-json\/wp\/v2\/types\/page"}],"author":[{"embeddable":true,"href":"https:\/\/psychotherapiehaus.ch\/tr\/wp-json\/wp\/v2\/users\/1"}],"replies":[{"embeddable":true,"href":"https:\/\/psychotherapiehaus.ch\/tr\/wp-json\/wp\/v2\/comments?post=577"}],"version-history":[{"count":20,"href":"https:\/\/psychotherapiehaus.ch\/tr\/wp-json\/wp\/v2\/pages\/577\/revisions"}],"predecessor-version":[{"id":3290,"href":"https:\/\/psychotherapiehaus.ch\/tr\/wp-json\/wp\/v2\/pages\/577\/revisions\/3290"}],"wp:attachment":[{"href":"https:\/\/psychotherapiehaus.ch\/tr\/wp-json\/wp\/v2\/media?parent=577"}],"curies":[{"name":"wp","href":"https:\/\/api.w.org\/{rel}","templated":true}]}}