{"id":6,"date":"2019-01-28T16:53:30","date_gmt":"2019-01-28T16:53:30","guid":{"rendered":"http:\/\/adi.extendstudio.net\/site-28jan19-1852\/index.php\/blog\/-old"},"modified":"2021-07-16T08:50:55","modified_gmt":"2021-07-16T08:50:55","slug":"blog-before-import","status":"publish","type":"page","link":"https:\/\/psychotherapiehaus.ch\/tr\/blog-before-import\/","title":{"rendered":"Mental Dan\u0131\u015fmanl\u0131k"},"content":{"rendered":"<div data-colibri-id=\"6-c1\" class=\"style-923 style-local-6-c1 position-relative\">\n  <!---->\n<div data-colibri-component=\"section\" data-colibri-id=\"6-c2\" id=\"custom\" class=\"h-section h-section-global-spacing d-flex align-items-lg-center align-items-md-center align-items-center style-924 style-local-6-c2 position-relative\">\n    <!---->\n<!---->\n<div class=\"h-section-grid-container h-section-boxed-container\">\n      <!---->\n<div data-colibri-id=\"6-c3\" class=\"h-row-container gutters-row-lg-2 gutters-row-md-2 gutters-row-0 gutters-row-v-lg-2 gutters-row-v-md-2 gutters-row-v-2 style-925 style-local-6-c3 position-relative\">\n        <!---->\n<div class=\"h-row justify-content-lg-center justify-content-md-center justify-content-center align-items-lg-stretch align-items-md-stretch align-items-stretch gutters-col-lg-2 gutters-col-md-2 gutters-col-0 gutters-col-v-lg-2 gutters-col-v-md-2 gutters-col-v-2\">\n          <!---->\n<div class=\"h-column h-column-container d-flex h-col-lg-auto h-col-md-auto h-col-auto style-926-outer style-local-6-c4-outer\">\n<div data-colibri-id=\"6-c4\" class=\"d-flex h-flex-basis h-column__inner h-px-lg-2 h-px-md-2 h-px-2 v-inner-lg-2 v-inner-md-2 v-inner-2 style-926 style-local-6-c4 position-relative\">\n              <!---->\n<!---->\n<div class=\"w-100 h-y-container h-column__content h-column__v-align flex-basis-100 align-self-lg-start align-self-md-start align-self-start\">\n                <!---->\n<div data-colibri-id=\"6-c5\" class=\"d-block style-930 style-local-6-c5 position-relative h-element\">\n                  <!---->\n<div class=\"h-image__frame-container-outer\">\n<div class=\"h-image__frame-container\">\n                      <!---->\n<!---->\n<img loading=\"lazy\" width=\"1920\" height=\"640\" src=\"https:\/\/psychotherapiehaus.ch\/wp-content\/uploads\/2021\/07\/zihinsel-egitim-1.jpg\" class=\"wp-image-1789 style-930-image style-local-6-c5-image\" srcset=\"https:\/\/psychotherapiehaus.ch\/wp-content\/uploads\/2021\/07\/zihinsel-egitim-1.jpg 1920w, https:\/\/psychotherapiehaus.ch\/wp-content\/uploads\/2021\/07\/zihinsel-egitim-1-300x100.jpg 300w, https:\/\/psychotherapiehaus.ch\/wp-content\/uploads\/2021\/07\/zihinsel-egitim-1-1024x341.jpg 1024w, https:\/\/psychotherapiehaus.ch\/wp-content\/uploads\/2021\/07\/zihinsel-egitim-1-768x256.jpg 768w, https:\/\/psychotherapiehaus.ch\/wp-content\/uploads\/2021\/07\/zihinsel-egitim-1-1536x512.jpg 1536w\" sizes=\"(max-width: 1920px) 100vw, 1920px\" alt=\"\" \/>\n<div class=\"h-image__frame h-hide-lg h-hide-md h-hide-sm style-930-frameImage style-local-6-c5-frameImage\"><\/div>\n<\/div>\n<\/div>\n<\/div>\n<\/div>\n<\/div>\n<\/div>\n<\/div>\n<\/div>\n<\/div>\n<\/div>\n<\/div>","protected":false},"excerpt":{"rendered":"","protected":false},"author":1,"featured_media":0,"parent":0,"menu_order":0,"comment_status":"closed","ping_status":"closed","template":"page-templates\/full-width-page.php","meta":[],"_links":{"self":[{"href":"https:\/\/psychotherapiehaus.ch\/tr\/wp-json\/wp\/v2\/pages\/6"}],"collection":[{"href":"https:\/\/psychotherapiehaus.ch\/tr\/wp-json\/wp\/v2\/pages"}],"about":[{"href":"https:\/\/psychotherapiehaus.ch\/tr\/wp-json\/wp\/v2\/types\/page"}],"author":[{"embeddable":true,"href":"https:\/\/psychotherapiehaus.ch\/tr\/wp-json\/wp\/v2\/users\/1"}],"replies":[{"embeddable":true,"href":"https:\/\/psychotherapiehaus.ch\/tr\/wp-json\/wp\/v2\/comments?post=6"}],"version-history":[{"count":5,"href":"https:\/\/psychotherapiehaus.ch\/tr\/wp-json\/wp\/v2\/pages\/6\/revisions"}],"predecessor-version":[{"id":2570,"href":"https:\/\/psychotherapiehaus.ch\/tr\/wp-json\/wp\/v2\/pages\/6\/revisions\/2570"}],"wp:attachment":[{"href":"https:\/\/psychotherapiehaus.ch\/tr\/wp-json\/wp\/v2\/media?parent=6"}],"curies":[{"name":"wp","href":"https:\/\/api.w.org\/{rel}","templated":true}]}}