{"id":602,"date":"2021-05-14T19:02:19","date_gmt":"2021-05-14T19:02:19","guid":{"rendered":"https:\/\/psychotherapiehaus.ch\/?page_id=602-old"},"modified":"2021-07-09T22:58:21","modified_gmt":"2021-07-09T22:58:21","slug":"personlichkeitsentwicklung-before-import","status":"publish","type":"page","link":"https:\/\/psychotherapiehaus.ch\/tr\/personlichkeitsentwicklung-before-import\/","title":{"rendered":"Ki\u015fisel Geli\u015fim"},"content":{"rendered":"<figure class=\"wp-block-image size-large is-resized\"><img loading=\"lazy\" src=\"https:\/\/psychotherapiehaus.ch\/wp-content\/uploads\/2021\/07\/kisisel-gelisim-1024x341.jpg\" alt=\"\" class=\"wp-image-1849\" width=\"1450\" height=\"482\" srcset=\"https:\/\/psychotherapiehaus.ch\/wp-content\/uploads\/2021\/07\/kisisel-gelisim-1024x341.jpg 1024w, https:\/\/psychotherapiehaus.ch\/wp-content\/uploads\/2021\/07\/kisisel-gelisim-300x100.jpg 300w, https:\/\/psychotherapiehaus.ch\/wp-content\/uploads\/2021\/07\/kisisel-gelisim-768x256.jpg 768w, https:\/\/psychotherapiehaus.ch\/wp-content\/uploads\/2021\/07\/kisisel-gelisim-1536x512.jpg 1536w, https:\/\/psychotherapiehaus.ch\/wp-content\/uploads\/2021\/07\/kisisel-gelisim.jpg 1920w\" sizes=\"(max-width: 1450px) 100vw, 1450px\" \/><\/figure>\n\n\n<ul>\n<li style=\"color: #279635;font-family: 'Montserrat Alternates';\"><span style=\"color: rgb(70, 112, 127);font-family: 'Montserrat Alternates';\">Hast du innere Konflikte<\/span>\n<\/li>\n<li style=\"color: #279635;font-family: 'Montserrat Alternates';\"><span style=\"color: rgb(70, 112, 127);font-family: 'Montserrat Alternates';\">Hast du Konflikte mit deinen Werten<\/span>\n<\/li>\n<li style=\"color: #279635;font-family: 'Montserrat Alternates';\">\n<span style=\"color: rgb(70, 112, 127);font-family: 'Montserrat Alternates';\">Hast du Probleme mit deinen Eigenschaften<\/span>\n<\/li>\n<li style=\"color: #279635;font-family: 'Montserrat Alternates';\">\n<span style=\"color: rgb(70, 112, 127);font-family: 'Montserrat Alternates';\">Willst du deine St\u00e4rken und Schw\u00e4chen erkennen<\/span>\n<\/li>\n<li style=\"color: #279635;font-family: 'Montserrat Alternates';\">\n<span style=\"color: rgb(70, 112, 127);font-family: 'Montserrat Alternates';\">Willst du deine Ressourcen aktivieren und dich ver\u00e4ndern?<\/span>\n<\/li>\n<\/ul>","protected":false},"excerpt":{"rendered":"<p>Hast du innere Konflikte Hast du Konflikte mit deinen Werten Hast du Probleme mit deinen Eigenschaften Willst du deine St\u00e4rken und Schw\u00e4chen erkennen Willst du deine Ressourcen aktivieren und dich ver\u00e4ndern?<\/p>","protected":false},"author":1,"featured_media":0,"parent":0,"menu_order":0,"comment_status":"closed","ping_status":"closed","template":"","meta":[],"_links":{"self":[{"href":"https:\/\/psychotherapiehaus.ch\/tr\/wp-json\/wp\/v2\/pages\/602"}],"collection":[{"href":"https:\/\/psychotherapiehaus.ch\/tr\/wp-json\/wp\/v2\/pages"}],"about":[{"href":"https:\/\/psychotherapiehaus.ch\/tr\/wp-json\/wp\/v2\/types\/page"}],"author":[{"embeddable":true,"href":"https:\/\/psychotherapiehaus.ch\/tr\/wp-json\/wp\/v2\/users\/1"}],"replies":[{"embeddable":true,"href":"https:\/\/psychotherapiehaus.ch\/tr\/wp-json\/wp\/v2\/comments?post=602"}],"version-history":[{"count":15,"href":"https:\/\/psychotherapiehaus.ch\/tr\/wp-json\/wp\/v2\/pages\/602\/revisions"}],"predecessor-version":[{"id":2089,"href":"https:\/\/psychotherapiehaus.ch\/tr\/wp-json\/wp\/v2\/pages\/602\/revisions\/2089"}],"wp:attachment":[{"href":"https:\/\/psychotherapiehaus.ch\/tr\/wp-json\/wp\/v2\/media?parent=602"}],"curies":[{"name":"wp","href":"https:\/\/api.w.org\/{rel}","templated":true}]}}