{"id":608,"date":"2021-05-14T19:03:11","date_gmt":"2021-05-14T19:03:11","guid":{"rendered":"https:\/\/psychotherapiehaus.ch\/?page_id=608-old"},"modified":"2021-10-08T08:20:02","modified_gmt":"2021-10-08T08:20:02","slug":"ehebratung-before-import","status":"publish","type":"page","link":"https:\/\/psychotherapiehaus.ch\/tr\/ehebratung-before-import\/","title":{"rendered":"Evlilik Dan\u0131\u015fmanl\u0131\u011f\u0131"},"content":{"rendered":"<div data-colibri-id=\"608-c1\" class=\"style-716 style-local-608-c1 position-relative\">\r\n  <!---->\r\n<div data-colibri-component=\"section\" data-colibri-id=\"608-c2\" id=\"about\" class=\"h-section h-section-global-spacing d-flex align-items-lg-center align-items-md-center align-items-center style-717 style-local-608-c2 position-relative\">\r\n    <!---->\r\n<!---->\r\n<div class=\"h-section-grid-container h-section-boxed-container\">\r\n      <!---->\r\n<div data-colibri-id=\"608-c13\" class=\"h-row-container gutters-row-lg-2 gutters-row-md-2 gutters-row-0 gutters-row-v-lg-2 gutters-row-v-md-2 gutters-row-v-2 style-969 style-local-608-c13 position-relative\">\r\n        <!---->\r\n<div class=\"h-row justify-content-lg-center justify-content-md-center justify-content-center align-items-lg-stretch align-items-md-stretch align-items-stretch gutters-col-lg-2 gutters-col-md-2 gutters-col-0 gutters-col-v-lg-2 gutters-col-v-md-2 gutters-col-v-2\">\r\n          <!---->\r\n<div class=\"h-column h-column-container d-flex h-col-lg-auto h-col-md-auto h-col-auto style-970-outer style-local-608-c14-outer\">\r\n<div data-colibri-id=\"608-c14\" class=\"d-flex h-flex-basis h-column__inner h-px-lg-2 h-px-md-2 h-px-2 v-inner-lg-2 v-inner-md-2 v-inner-2 style-970 style-local-608-c14 position-relative\">\r\n              <!---->\r\n<!---->\r\n<div class=\"w-100 h-y-container h-column__content h-column__v-align flex-basis-100 align-self-lg-start align-self-md-start align-self-start\">\r\n                <!---->\r\n<div data-colibri-id=\"608-c16\" class=\"d-block style-972 style-local-608-c16 position-relative h-element\">\r\n                  <!---->\r\n<div class=\"h-image__frame-container-outer\">\r\n<div class=\"h-image__frame-container\">\r\n                      <!---->\r\n<!---->\r\n<img loading=\"lazy\" width=\"1920\" height=\"640\" src=\"https:\/\/psychotherapiehaus.ch\/wp-content\/uploads\/2021\/07\/evlilik-4.jpg\" class=\"wp-image-1887 style-972-image style-local-608-c16-image\" srcset=\"https:\/\/psychotherapiehaus.ch\/wp-content\/uploads\/2021\/07\/evlilik-4.jpg 1920w, https:\/\/psychotherapiehaus.ch\/wp-content\/uploads\/2021\/07\/evlilik-4-300x100.jpg 300w, https:\/\/psychotherapiehaus.ch\/wp-content\/uploads\/2021\/07\/evlilik-4-1024x341.jpg 1024w, https:\/\/psychotherapiehaus.ch\/wp-content\/uploads\/2021\/07\/evlilik-4-768x256.jpg 768w, https:\/\/psychotherapiehaus.ch\/wp-content\/uploads\/2021\/07\/evlilik-4-1536x512.jpg 1536w\" sizes=\"(max-width: 1920px) 100vw, 1920px\" alt=\"\" \/>\r\n<div class=\"h-image__frame h-hide-lg h-hide-md h-hide-sm style-972-frameImage style-local-608-c16-frameImage\"><\/div>\r\n<\/div>\r\n<\/div>\r\n<\/div>\r\n<\/div>\r\n<\/div>\r\n<\/div>\r\n<\/div>\r\n<\/div>\r\n<div data-colibri-id=\"608-c3\" class=\"h-row-container gutters-row-lg-0 gutters-row-md-0 gutters-row-0 gutters-row-v-lg-0 gutters-row-v-md-0 gutters-row-v-0 style-718 style-local-608-c3 position-relative\">\r\n        <!---->\r\n<div class=\"h-row justify-content-lg-center justify-content-md-center justify-content-center align-items-lg-stretch align-items-md-stretch align-items-stretch gutters-col-lg-0 gutters-col-md-0 gutters-col-0 gutters-col-v-lg-0 gutters-col-v-md-0 gutters-col-v-0\">\r\n          <!---->\r\n<div class=\"h-column h-column-container d-flex h-col-lg-auto h-col-md-auto h-col-auto style-719-outer style-local-608-c4-outer\">\r\n<div data-colibri-id=\"608-c4\" class=\"d-flex h-flex-basis h-column__inner h-px-lg-0 h-px-md-0 h-px-0 v-inner-lg-0 v-inner-md-0 v-inner-0 style-719 style-local-608-c4 position-relative\">\r\n              <!---->\r\n<!---->\r\n<div class=\"w-100 h-y-container h-column__content h-column__v-align flex-basis-100 align-self-lg-start align-self-md-start align-self-start\">\r\n                <!---->\r\n<div data-colibri-id=\"608-c5\" class=\"h-global-transition-all h-heading style-720 style-local-608-c5 position-relative h-element\">\r\n                  <!---->\r\n<div class=\"h-heading__outer style-720 style-local-608-c5\">\r\n                    <!---->\r\n<!---->\r\n<h5 class=\"\">Hakk\u0131m\u0131zda<\/h5>\r\n<\/div>\r\n<\/div>\r\n<div data-colibri-id=\"608-c6\" class=\"h-global-transition-all h-heading style-721 style-local-608-c6 position-relative h-element\">\r\n                  <!---->\r\n<div class=\"h-heading__outer style-721 style-local-608-c6\">\r\n                    <!---->\r\n<!---->\r\n<h2 class=\"\">Enjoy the best <em style=\"font-family: &quot;Playfair Display&quot;;\">design<\/em> and <em style=\"font-family: &quot;Playfair Display&quot;;\">functions<\/em> combined together<\/h2>\r\n<\/div>\r\n<\/div>\r\n<div data-colibri-id=\"608-c7\" class=\"h-text h-text-component style-722 style-local-608-c7 position-relative h-element\">\r\n                  <!---->\r\n<!---->\r\n<div class=\"\">\r\n\r\nLorem ipsum dolor sit amet, consectetur adipisicing elit, sed do eiusmod tempor incididunt ut labore et dolore magna aliqua. Ut enim ad minim veniam, quis nostrud exercitation ullamco laboris nisi ut aliquip.\r\n\r\n<\/div>\r\n<\/div>\r\n<\/div>\r\n<\/div>\r\n<\/div>\r\n<div class=\"h-column h-column-container d-flex h-col-lg-auto h-col-md-auto h-col-auto style-723-outer style-local-608-c8-outer\">\r\n<div data-colibri-id=\"608-c8\" class=\"d-flex h-flex-basis h-column__inner h-ui-empty-state-container h-px-lg-2 h-px-md-2 h-px-2 v-inner-lg-2 v-inner-md-2 v-inner-2 style-723 style-local-608-c8 position-relative\">\r\n              <!---->\r\n<!---->\r\n<div class=\"w-100 h-y-container h-column__content h-column__v-align flex-basis-100\">\r\n                <!----><\/div>\r\n<\/div>\r\n<\/div>\r\n<\/div>\r\n<\/div>\r\n<\/div>\r\n<\/div>\r\n<\/div>","protected":false},"excerpt":{"rendered":"<p>About us Enjoy the best design and functions combined together Lorem ipsum dolor sit amet, consectetur adipisicing elit, sed do eiusmod tempor incididunt ut labore et dolore magna aliqua. Ut enim ad minim veniam, quis nostrud exercitation ullamco laboris nisi ut aliquip.<\/p>","protected":false},"author":1,"featured_media":0,"parent":0,"menu_order":0,"comment_status":"closed","ping_status":"closed","template":"page-templates\/full-width-page.php","meta":[],"_links":{"self":[{"href":"https:\/\/psychotherapiehaus.ch\/tr\/wp-json\/wp\/v2\/pages\/608"}],"collection":[{"href":"https:\/\/psychotherapiehaus.ch\/tr\/wp-json\/wp\/v2\/pages"}],"about":[{"href":"https:\/\/psychotherapiehaus.ch\/tr\/wp-json\/wp\/v2\/types\/page"}],"author":[{"embeddable":true,"href":"https:\/\/psychotherapiehaus.ch\/tr\/wp-json\/wp\/v2\/users\/1"}],"replies":[{"embeddable":true,"href":"https:\/\/psychotherapiehaus.ch\/tr\/wp-json\/wp\/v2\/comments?post=608"}],"version-history":[{"count":10,"href":"https:\/\/psychotherapiehaus.ch\/tr\/wp-json\/wp\/v2\/pages\/608\/revisions"}],"predecessor-version":[{"id":2572,"href":"https:\/\/psychotherapiehaus.ch\/tr\/wp-json\/wp\/v2\/pages\/608\/revisions\/2572"}],"wp:attachment":[{"href":"https:\/\/psychotherapiehaus.ch\/tr\/wp-json\/wp\/v2\/media?parent=608"}],"curies":[{"name":"wp","href":"https:\/\/api.w.org\/{rel}","templated":true}]}}