{"id":623,"date":"2021-05-14T19:06:49","date_gmt":"2021-05-14T19:06:49","guid":{"rendered":"https:\/\/psychotherapiehaus.ch\/?page_id=623-old"},"modified":"2021-07-17T18:21:20","modified_gmt":"2021-07-17T18:21:20","slug":"angststoerungen-before-import","status":"publish","type":"page","link":"https:\/\/psychotherapiehaus.ch\/tr\/angststoerungen-before-import\/","title":{"rendered":"Korkular"},"content":{"rendered":"<figure class=\"wp-block-image size-large is-resized\"><img loading=\"lazy\" src=\"https:\/\/psychotherapiehaus.ch\/wp-content\/uploads\/2021\/07\/anksiyete-bozukluklari-1-1024x341.jpg\" alt=\"\" class=\"wp-image-1974\" width=\"1448\" height=\"482\" srcset=\"https:\/\/psychotherapiehaus.ch\/wp-content\/uploads\/2021\/07\/anksiyete-bozukluklari-1-1024x341.jpg 1024w, https:\/\/psychotherapiehaus.ch\/wp-content\/uploads\/2021\/07\/anksiyete-bozukluklari-1-300x100.jpg 300w, https:\/\/psychotherapiehaus.ch\/wp-content\/uploads\/2021\/07\/anksiyete-bozukluklari-1-768x256.jpg 768w, https:\/\/psychotherapiehaus.ch\/wp-content\/uploads\/2021\/07\/anksiyete-bozukluklari-1-1536x512.jpg 1536w, https:\/\/psychotherapiehaus.ch\/wp-content\/uploads\/2021\/07\/anksiyete-bozukluklari-1.jpg 1920w\" sizes=\"(max-width: 1448px) 100vw, 1448px\" \/><\/figure>\n\n\n<ul>\n<li style=\"color: #279635; font-family: 'Montserrat Alternates';\"><span style=\"color: #46707f; font-family: 'Montserrat Alternates';\">Panikst\u00f6rung\u00a0<\/span><\/li>\n<li style=\"color: #279635; font-family: 'Montserrat Alternates';\"><span style=\"color: #46707f; font-family: 'Montserrat Alternates';\">Agoraphobie<\/span><\/li>\n<li style=\"color: #279635; font-family: 'Montserrat Alternates';\"><span style=\"color: #46707f; font-family: 'Montserrat Alternates';\">Soziale \u00c4ngste (Phobie)<\/span><\/li>\n<li style=\"color: #279635; font-family: 'Montserrat Alternates';\"><span style=\"color: #46707f; font-family: 'Montserrat Alternates';\">Zwangsst\u00f6rung<\/span><\/li>\n<li style=\"color: #279635; font-family: 'Montserrat Alternates';\"><span style=\"color: #46707f; font-family: 'Montserrat Alternates';\">Hypochondrie<\/span><\/li>\n<li style=\"color: #279635; font-family: 'Montserrat Alternates';\"><span style=\"color: #46707f; font-family: 'Montserrat Alternates';\">Belastung, Trauma (PTBS)<\/span><\/li>\n<li style=\"color: #279635; font-family: 'Montserrat Alternates';\"><span style=\"color: #46707f; font-family: 'Montserrat Alternates';\">Generalisierte\u00a0Angstst\u00f6rung.<\/span><\/li>\n<li style=\"color: #279635; font-family: 'Montserrat Alternates';\"><span style=\"color: #46707f; font-family: 'Montserrat Alternates';\">Sonstige spezielle \u00c4ngste und Phobien:<\/span><\/li>\n<li style=\"color: #279635; font-family: 'Montserrat Alternates';\"><span style=\"color: #46707f; font-family: 'Montserrat Alternates';\">Pr\u00fcfungsangst, H\u00f6henangst, Flugangst, Angst vor dem Fahren, Angst vor \u00a0der Sexualit\u00e4t usw.)<\/span><\/li>\n<\/ul>\n\n\n<p><\/p>","protected":false},"excerpt":{"rendered":"<p>Panikst\u00f6rung\u00a0 Agoraphobie Soziale \u00c4ngste (Phobie) Zwangsst\u00f6rung Hypochondrie Belastung, Trauma (PTBS) Generalisierte\u00a0Angstst\u00f6rung. Sonstige spezielle \u00c4ngste und Phobien: Pr\u00fcfungsangst, H\u00f6henangst, Flugangst, Angst vor dem Fahren, Angst vor \u00a0der Sexualit\u00e4t usw.)<\/p>","protected":false},"author":1,"featured_media":0,"parent":0,"menu_order":0,"comment_status":"closed","ping_status":"closed","template":"","meta":[],"_links":{"self":[{"href":"https:\/\/psychotherapiehaus.ch\/tr\/wp-json\/wp\/v2\/pages\/623"}],"collection":[{"href":"https:\/\/psychotherapiehaus.ch\/tr\/wp-json\/wp\/v2\/pages"}],"about":[{"href":"https:\/\/psychotherapiehaus.ch\/tr\/wp-json\/wp\/v2\/types\/page"}],"author":[{"embeddable":true,"href":"https:\/\/psychotherapiehaus.ch\/tr\/wp-json\/wp\/v2\/users\/1"}],"replies":[{"embeddable":true,"href":"https:\/\/psychotherapiehaus.ch\/tr\/wp-json\/wp\/v2\/comments?post=623"}],"version-history":[{"count":21,"href":"https:\/\/psychotherapiehaus.ch\/tr\/wp-json\/wp\/v2\/pages\/623\/revisions"}],"predecessor-version":[{"id":2726,"href":"https:\/\/psychotherapiehaus.ch\/tr\/wp-json\/wp\/v2\/pages\/623\/revisions\/2726"}],"wp:attachment":[{"href":"https:\/\/psychotherapiehaus.ch\/tr\/wp-json\/wp\/v2\/media?parent=623"}],"curies":[{"name":"wp","href":"https:\/\/api.w.org\/{rel}","templated":true}]}}